{"id":24,"date":"2013-02-05T11:09:59","date_gmt":"2013-02-05T11:09:59","guid":{"rendered":"http:\/\/www.nicalia.com\/blog\/?page_id=24"},"modified":"2014-08-21T20:14:12","modified_gmt":"2014-08-21T18:14:12","slug":"archivos","status":"publish","type":"page","link":"https:\/\/www.nicalia.com\/blog\/archivos\/","title":{"rendered":"Archivos"},"content":{"rendered":"<p>Aqu\u00ed encontrar\u00e1 una lista de nuestras entradas. Ordenadas por su fecha y mes de aparici\u00f3n.<\/p>\n","protected":false},"excerpt":{"rendered":"<p>Aqu\u00ed encontrar\u00e1 una lista de nuestras entradas. Ordenadas por su fecha y mes de aparici\u00f3n.<\/p>\n","protected":false},"author":1,"featured_media":0,"parent":0,"menu_order":0,"comment_status":"open","ping_status":"open","template":"template.archive.php","meta":{"footnotes":""},"_links":{"self":[{"href":"https:\/\/www.nicalia.com\/blog\/wp-json\/wp\/v2\/pages\/24"}],"collection":[{"href":"https:\/\/www.nicalia.com\/blog\/wp-json\/wp\/v2\/pages"}],"about":[{"href":"https:\/\/www.nicalia.com\/blog\/wp-json\/wp\/v2\/types\/page"}],"author":[{"embeddable":true,"href":"https:\/\/www.nicalia.com\/blog\/wp-json\/wp\/v2\/users\/1"}],"replies":[{"embeddable":true,"href":"https:\/\/www.nicalia.com\/blog\/wp-json\/wp\/v2\/comments?post=24"}],"version-history":[{"count":0,"href":"https:\/\/www.nicalia.com\/blog\/wp-json\/wp\/v2\/pages\/24\/revisions"}],"wp:attachment":[{"href":"https:\/\/www.nicalia.com\/blog\/wp-json\/wp\/v2\/media?parent=24"}],"curies":[{"name":"wp","href":"https:\/\/api.w.org\/{rel}","templated":true}]}}